{"id":3324,"date":"2024-02-13T11:15:04","date_gmt":"2024-02-13T10:15:04","guid":{"rendered":"https:\/\/camilion.eu\/autodesk-plugins-desarrolladores\/"},"modified":"2025-12-22T13:10:30","modified_gmt":"2025-12-22T12:10:30","slug":"autodesk-plugins-desarrolladores","status":"publish","type":"page","link":"https:\/\/camilion.eu\/es\/autodesk-plugins-desarrolladores\/","title":{"rendered":"Desarrolladores autorizados de plugins de Autodesk"},"content":{"rendered":"<p>[et_pb_section fb_built=\u00bb1&#8243; _builder_version=\u00bb4.24.0&#8243; _module_preset=\u00bbdefault\u00bb background_image=\u00bbhttps:\/\/camilion.eu\/wp-content\/uploads\/2024\/01\/Camilion-Gradient.jpg\u00bb custom_padding=\u00bb||55px|||\u00bb global_colors_info=\u00bb{}\u00bb][et_pb_row use_custom_gutter=\u00bbon\u00bb gutter_width=\u00bb2&#8243; _builder_version=\u00bb4.24.0&#8243; _module_preset=\u00bbdefault\u00bb global_colors_info=\u00bb{}\u00bb][et_pb_column type=\u00bb4_4&#8243; _builder_version=\u00bb4.24.0&#8243; _module_preset=\u00bbdefault\u00bb global_colors_info=\u00bb{}\u00bb][et_pb_text disabled_on=\u00bbon|on|on\u00bb _builder_version=\u00bb4.24.0&#8243; _module_preset=\u00bbdefault\u00bb background_layout=\u00bbdark\u00bb disabled=\u00bbon\u00bb global_colors_info=\u00bb{}\u00bb]<\/p>\n<h1>Desarrolladores autorizados de plugins de Autodesk<\/h1>\n<p>Nosotros, Camilion Consulting &amp; Development, somos una empresa con sede en Barcelona, y ofrecemos servicios de consultor\u00eda en el mundo de la Arquitectura, Ingenier\u00eda y Construcci\u00f3n, a la vez que desarrollamos software para ayudar a ingenieros de todo el mundo a trabajar mejor y m\u00e1s r\u00e1pido, para que se liberen de luchar contra las herramientas y sigan haciendo cosas maravillosas. Somos desarrolladores autorizados de plugins de Autodesk.<\/p>\n<p>[\/et_pb_text][et_pb_text _builder_version=\u00bb4.27.4&#8243; _module_preset=\u00bbdefault\u00bb background_layout=\u00bbdark\u00bb global_colors_info=\u00bb{}\u00bb]<\/p>\n<h1>Desarrolladores autorizados de plugins para Autodesk y ZWCAD<\/h1>\n<p>Nosotros, Camilion Consulting &amp; Development, somos una empresa con sede en Barcelona, y ofrecemos servicios de consultor\u00eda en el mundo de la Arquitectura, Ingenier\u00eda y Construcci\u00f3n, a la vez que desarrollamos software para ayudar a ingenieros de todo el mundo a trabajar mejor y m\u00e1s r\u00e1pido, para que se liberen de luchar contra las herramientas y sigan haciendo cosas maravillosas. Somos desarrolladores autorizados de plugins de Autodesk.[\/et_pb_text][\/et_pb_column][\/et_pb_row][\/et_pb_section][et_pb_section fb_built=\u00bb1&#8243; disabled_on=\u00bboff|off|off\u00bb _builder_version=\u00bb4.27.4&#8243; _module_preset=\u00bbdefault\u00bb background_enable_color=\u00bboff\u00bb global_colors_info=\u00bb{}\u00bb][et_pb_row _builder_version=\u00bb4.27.4&#8243; _module_preset=\u00bbdefault\u00bb global_colors_info=\u00bb{}\u00bb][et_pb_column type=\u00bb4_4&#8243; _builder_version=\u00bb4.27.4&#8243; _module_preset=\u00bbdefault\u00bb global_colors_info=\u00bb{}\u00bb][et_pb_team_member name=\u00bbRaimon Camps Roqu\u00e9\u00bb position=\u00bbDirector ejecutivo\u00bb image_url=\u00bbhttps:\/\/camilion.eu\/wp-content\/uploads\/2025\/07\/RaimonCampsRoque.jpeg\u00bb facebook_url=\u00bbhttps:\/\/es.linkedin.com\/in\/raimon-camps-roque-63b692101&#8243; twitter_url=\u00bbhttps:\/\/es.linkedin.com\/in\/raimon-camps-roque-63b692101&#8243; linkedin_url=\u00bbhttps:\/\/es.linkedin.com\/in\/raimon-camps-roque-63b692101&#8243; disabled_on=\u00bbon|on|on\u00bb _builder_version=\u00bb4.27.4&#8243; _module_preset=\u00bbdefault\u00bb body_quote_border_color=\u00bb#01EA00&#8243; disabled=\u00bbon\u00bb global_colors_info=\u00bb{}\u00bb]Raimon combina una amplia experiencia en ingenier\u00eda con un profundo conocimiento de los flujos de trabajo BIM y del ecosistema Autodesk\u00ae. Bajo su liderazgo, Camilion se ha convertido en un socio reconocido para el desarrollo de plugins personalizados y servicios de consultor\u00eda en arquitectura e infraestructura. <\/p>\n<p>A lo largo de su carrera ha:<\/p>\n<ul>\n<li>Liderado el dise\u00f1o y la entrega de soluciones BIM personalizadas que agilizan la ejecuci\u00f3n del proyecto y mejoran la colaboraci\u00f3n entre disciplinas.<\/li>\n<li>Fomentado una cultura de innovaci\u00f3n pr\u00e1ctica, empoderando a los equipos para traducir los requisitos de los clientes en herramientas s\u00f3lidas y centradas en el usuario.<\/li>\n<li>Tenido una visi\u00f3n estrat\u00e9gica equilibrada con participaci\u00f3n pr\u00e1ctica, asegurando que las iniciativas t\u00e9cnicas se alineen consistentemente con las necesidades reales del proyecto y brinden valor medible.<\/li>\n<\/ul>\n<p>La adaptabilidad demostrada de Raimon, moldeada por el trabajo en proyectos de diferentes escalas, permite a Camilion seguir siendo \u00e1gil y receptivo a las demandas cambiantes de la industria AEC.[\/et_pb_team_member][et_pb_team_member name=\u00bbRaimon Camps Roqu\u00e9\u00bb position=\u00bbDirector ejecutivo\u00bb image_url=\u00bbhttps:\/\/camilion.eu\/wp-content\/uploads\/2025\/07\/RaimonCampsRoque.jpeg\u00bb facebook_url=\u00bbhttps:\/\/es.linkedin.com\/in\/raimon-camps-roque-63b692101&#8243; twitter_url=\u00bbhttps:\/\/es.linkedin.com\/in\/raimon-camps-roque-63b692101&#8243; linkedin_url=\u00bbhttps:\/\/es.linkedin.com\/in\/raimon-camps-roque-63b692101&#8243; _builder_version=\u00bb4.27.4&#8243; _module_preset=\u00bbdefault\u00bb body_quote_border_color=\u00bb#01EA00&#8243; global_colors_info=\u00bb{}\u00bb]<\/p>\n<p>Raimon combina una amplia experiencia en ingenier\u00eda con un profundo conocimiento de los flujos de trabajo BIM y de los ecosistemas Autodesk\u00ae y ZWCAD\u00ae. Bajo su liderazgo, Camilion se ha convertido en un socio reconocido en el desarrollo de plugins a medida y en servicios de consultor\u00eda para los sectores de la arquitectura y las infraestructuras. <\/p>\n<p>A lo largo de su carrera ha:<\/p>\n<ul>\n<li>Liderado el dise\u00f1o y la entrega de soluciones BIM personalizadas que agilizan la ejecuci\u00f3n del proyecto y mejoran la colaboraci\u00f3n entre disciplinas.<\/li>\n<li>Fomentado una cultura de innovaci\u00f3n pr\u00e1ctica, empoderando a los equipos para traducir los requisitos de los clientes en herramientas s\u00f3lidas y centradas en el usuario.<\/li>\n<li>Tenido una visi\u00f3n estrat\u00e9gica equilibrada con participaci\u00f3n pr\u00e1ctica, asegurando que las iniciativas t\u00e9cnicas se alineen consistentemente con las necesidades reales del proyecto y brinden valor medible.<\/li>\n<\/ul>\n<p>La adaptabilidad demostrada de Raimon, moldeada por el trabajo en proyectos de diferentes escalas, permite a Camilion seguir siendo \u00e1gil y receptivo a las demandas cambiantes de la industria AEC.<\/p>\n<p>[\/et_pb_team_member][\/et_pb_column][\/et_pb_row][\/et_pb_section][et_pb_section fb_built=\u00bb1&#8243; _builder_version=\u00bb4.27.4&#8243; _module_preset=\u00bbdefault\u00bb background_color=\u00bb#E8FAE8&#8243; global_colors_info=\u00bb{}\u00bb][et_pb_row _builder_version=\u00bb4.27.4&#8243; _module_preset=\u00bbdefault\u00bb global_colors_info=\u00bb{}\u00bb][et_pb_column type=\u00bb4_4&#8243; _builder_version=\u00bb4.27.4&#8243; _module_preset=\u00bbdefault\u00bb global_colors_info=\u00bb{}\u00bb][et_pb_cta title=\u00bbProyectos de Camilion\u00bb button_url=\u00bbhttps:\/\/camilion.eu\/es\/proyectos\/\u00bb button_text=\u00bbVer proyectos\u00bb _builder_version=\u00bb4.27.4&#8243; _module_preset=\u00bbdefault\u00bb button_alignment=\u00bbleft\u00bb global_colors_info=\u00bb{}\u00bb]<\/p>\n<p>Explore nuestra cartera de proyectos para ver c\u00f3mo las soluciones de Camilion han mejorado los flujos de trabajo BIM y generado resultados reales.<\/p>\n<p>[\/et_pb_cta][\/et_pb_column][\/et_pb_row][\/et_pb_section][et_pb_section fb_built=\u00bb1&#8243; _builder_version=\u00bb4.24.0&#8243; _module_preset=\u00bbdefault\u00bb background_color=\u00bb#FDFDFD\u00bb custom_padding=\u00bb90px|||||\u00bb global_colors_info=\u00bb{}\u00bb][et_pb_row column_structure=\u00bb1_2,1_2&#8243; make_equal=\u00bbon\u00bb _builder_version=\u00bb4.24.0&#8243; _module_preset=\u00bbdefault\u00bb custom_padding=\u00bb0px||0px|||\u00bb custom_css_main_element=\u00bbalign-items:center||  \u00bb global_colors_info=\u00bb{}\u00bb][et_pb_column type=\u00bb1_2&#8243; _builder_version=\u00bb4.24.0&#8243; _module_preset=\u00bbdefault\u00bb global_colors_info=\u00bb{}\u00bb][et_pb_cta title=\u00bbVisi\u00f3n. \u00bfLo compartes?\u00bb button_url=\u00bbhttps:\/\/.\u00bb _builder_version=\u00bb4.24.0&#8243; _module_preset=\u00bbdefault\u00bb global_colors_info=\u00bb{}\u00bb]<\/p>\n<h3 style=\"font-size:0px;\"> Desarrolladores autorizados de plugins de Autodesk<\/h3>\n<ul>\n<li>Establecer una relaci\u00f3n de confianza, \u00e9tica y profesional, con una comunicaci\u00f3n directa y fluida.<\/li>\n<li>Comprender eficazmente sus necesidades.<\/li>\n<li>Ofrecer una respuesta r\u00e1pida, \u00e1gil y eficaz.<\/li>\n<li>Integrar los conocimientos transversales del equipo.<\/li>\n<li>Crear conocimientos y soluciones funcionales, pr\u00e1cticas e innovadoras.<\/li>\n<li>Contribuya a sus proyectos para que alcancen sus objetivos.<\/li>\n<li>Colaborar para maximizar los resultados.<\/li>\n<li>Aumente la productividad simplificando las tareas.<\/li>\n<\/ul>\n<p>[\/et_pb_cta][\/et_pb_column][et_pb_column type=\u00bb1_2&#8243; _builder_version=\u00bb4.24.0&#8243; _module_preset=\u00bbdefault\u00bb global_colors_info=\u00bb{}\u00bb][et_pb_image src=\u00bbhttps:\/\/camilion.eu\/wp-content\/uploads\/2024\/02\/Camilion-about-us-vision.jpg\u00bb alt=\u00bbDesarrolladores autorizados de plugins de Autodesk\u00bb title_text=\u00bbDesarrolladores autorizados de plugins de Autodesk\u00bb _builder_version=\u00bb4.24.0&#8243; _module_preset=\u00bbdefault\u00bb global_colors_info=\u00bb{}\u00bb][\/et_pb_image][\/et_pb_column][\/et_pb_row][\/et_pb_section][et_pb_section fb_built=\u00bb1&#8243; _builder_version=\u00bb4.24.0&#8243; _module_preset=\u00bbdefault\u00bb background_color=\u00bb#FDFDFD\u00bb global_colors_info=\u00bb{}\u00bb][et_pb_row column_structure=\u00bb1_2,1_2&#8243; make_equal=\u00bbon\u00bb module_class=\u00bbcolumn-reverse\u00bb _builder_version=\u00bb4.24.0&#8243; _module_preset=\u00bbdefault\u00bb custom_padding=\u00bb0px||0px|||\u00bb custom_css_main_element=\u00bbalign-items:center||  \u00bb global_colors_info=\u00bb{}\u00bb][et_pb_column type=\u00bb1_2&#8243; _builder_version=\u00bb4.24.0&#8243; _module_preset=\u00bbdefault\u00bb global_colors_info=\u00bb{}\u00bb][et_pb_image src=\u00bbhttps:\/\/camilion.eu\/wp-content\/uploads\/2024\/02\/team-camilion.jpg\u00bb title_text=\u00bbequipo-camilion\u00bb _builder_version=\u00bb4.24.0&#8243; _module_preset=\u00bbdefault\u00bb global_colors_info=\u00bb{}\u00bb][\/et_pb_image][\/et_pb_column][et_pb_column type=\u00bb1_2&#8243; _builder_version=\u00bb4.24.0&#8243; _module_preset=\u00bbdefault\u00bb global_colors_info=\u00bb{}\u00bb][et_pb_cta title=\u00bbCreamos, queremos y alimentamos el talento\u00bb button_url=\u00bbhttps:\/\/.\u00bb _builder_version=\u00bb4.24.0&#8243; _module_preset=\u00bbdefault\u00bb custom_padding=\u00bb0px|13px|0px|0px|false|false\u00bb global_colors_info=\u00bb{}\u00bb]<\/p>\n<h3 style=\"font-size: 0px;\"> Desarrolladores autorizados de plugins de Autodesk<\/h3>\n<p>Su \u00e9xito, y el nuestro, empieza aqu\u00ed.<\/p>\n<p>Nuestro motor son las personas.<\/p>\n<p>Por eso creemos en la importancia de fomentar tu talento para permitir tu crecimiento personal y profesional.<\/p>\n<p>Queremos animarte a que dejes huella con nosotros en este apasionante reto.<\/p>\n<p>[\/et_pb_cta][\/et_pb_column][\/et_pb_row][\/et_pb_section][et_pb_section fb_built=\u00bb1&#8243; _builder_version=\u00bb4.24.0&#8243; _module_preset=\u00bbdefault\u00bb background_color=\u00bb#FDFDFD\u00bb global_colors_info=\u00bb{}\u00bb][et_pb_row column_structure=\u00bb1_2,1_2&#8243; make_equal=\u00bbon\u00bb _builder_version=\u00bb4.24.0&#8243; _module_preset=\u00bbdefault\u00bb custom_padding=\u00bb0px||0px|||\u00bb custom_css_main_element=\u00bbalign-items:center||  \u00bb global_colors_info=\u00bb{}\u00bb][et_pb_column type=\u00bb1_2&#8243; _builder_version=\u00bb4.24.0&#8243; _module_preset=\u00bbdefault\u00bb global_colors_info=\u00bb{}\u00bb][et_pb_cta title=\u00bbValores\u00bb button_url=\u00bbhttps:\/\/.\u00bb _builder_version=\u00bb4.24.0&#8243; _module_preset=\u00bbdefault\u00bb global_colors_info=\u00bb{}\u00bb]<\/p>\n<ul>\n<li>Conocimiento: compartimos nuestra experiencia, conocimientos y recursos.<\/li>\n<li>Innovaci\u00f3n: nuestro factor diferencial para mejorar el rendimiento de nuestros profesionales, dot\u00e1ndoles de herramientas y asesoramiento continuo para optimizar las tareas encomendadas.<\/li>\n<li>Equipo: nos integramos en diversas disciplinas y equipos para obtener mejores resultados.<\/li>\n<li>Familia: nos preocupamos por las personas y confiamos en su potencial, ofreci\u00e9ndoles apoyo y ayud\u00e1ndoles a alcanzar sus objetivos, tanto en el trabajo como en la vida.<\/li>\n<\/ul>\n<p>[\/et_pb_cta][\/et_pb_column][et_pb_column type=\u00bb1_2&#8243; _builder_version=\u00bb4.24.0&#8243; _module_preset=\u00bbdefault\u00bb global_colors_info=\u00bb{}\u00bb][et_pb_image src=\u00bbhttps:\/\/camilion.eu\/wp-content\/uploads\/2024\/02\/values-camilio.jpg\u00bb title_text=\u00bbvalores-camilio\u00bb _builder_version=\u00bb4.24.0&#8243; _module_preset=\u00bbdefault\u00bb global_colors_info=\u00bb{}\u00bb][\/et_pb_image][\/et_pb_column][\/et_pb_row][\/et_pb_section][et_pb_section fb_built=\u00bb1&#8243; _builder_version=\u00bb4.24.0&#8243; _module_preset=\u00bbdefault\u00bb background_color=\u00bb#FDFDFD\u00bb custom_padding=\u00bb||90px|||\u00bb global_colors_info=\u00bb{}\u00bb][et_pb_row column_structure=\u00bb1_2,1_2&#8243; make_equal=\u00bbon\u00bb module_class=\u00bbcolumn-reverse\u00bb _builder_version=\u00bb4.24.0&#8243; _module_preset=\u00bbdefault\u00bb custom_padding=\u00bb0px||0px|||\u00bb custom_css_main_element=\u00bbalign-items:center||  \u00bb global_colors_info=\u00bb{}\u00bb][et_pb_column type=\u00bb1_2&#8243; _builder_version=\u00bb4.24.0&#8243; _module_preset=\u00bbdefault\u00bb global_colors_info=\u00bb{}\u00bb][et_pb_image src=\u00bbhttps:\/\/camilion.eu\/wp-content\/uploads\/2024\/02\/logo_exo.png\u00bb title_text=\u00bblogo_exo\u00bb align=\u00bbcenter\u00bb force_fullwidth=\u00bbon\u00bb _builder_version=\u00bb4.24.0&#8243; _module_preset=\u00bbdefault\u00bb global_colors_info=\u00bb{}\u00bb][\/et_pb_image][\/et_pb_column][et_pb_column type=\u00bb1_2&#8243; _builder_version=\u00bb4.24.0&#8243; _module_preset=\u00bbdefault\u00bb global_colors_info=\u00bb{}\u00bb][et_pb_cta title=\u00bbCompromiso social\u00bb button_url=\u00bbhttps:\/\/.\u00bb _builder_version=\u00bb4.24.0&#8243; _module_preset=\u00bbdefault\u00bb global_colors_info=\u00bb{}\u00bb]<\/p>\n<p>Apoyamos y participamos activamente en iniciativas locales, como la Asociaci\u00f3n para la Expansi\u00f3n de la Red Abierta <a href=\"https:\/\/guifi.net\/exo\" target=\"_blank\" rel=\"noopener\">(eXO)<\/a>.<\/p>\n<p>Es un punto de encuentro de expertos y p\u00fablico en general para compartir conocimientos t\u00e9cnicos e infraestructuras digitales.<\/p>\n<p>eXO fomenta con sus proyectos el acceso universal a Internet y los servicios digitales gestionados de forma \u00e9tica.<\/p>\n<p>[\/et_pb_cta][\/et_pb_column][\/et_pb_row][\/et_pb_section][et_pb_section fb_built=\u00bb1&#8243; _builder_version=\u00bb4.24.0&#8243; _module_preset=\u00bbdefault\u00bb background_color=\u00bb#DAE2DA\u00bb locked=\u00bboff\u00bb global_colors_info=\u00bb{}\u00bb][et_pb_row _builder_version=\u00bb4.24.0&#8243; _module_preset=\u00bbdefault\u00bb global_colors_info=\u00bb{}\u00bb][et_pb_column type=\u00bb4_4&#8243; _builder_version=\u00bb4.24.0&#8243; _module_preset=\u00bbdefault\u00bb global_colors_info=\u00bb{}\u00bb][et_pb_cta title=\u00bbConozca a nuestros desarrolladores de plugins de Autodesk\u00bb button_url=\u00bb@ET-DC@eyJkeW5hbWljIjp0cnVlLCJjb250ZW50IjoicG9zdF9saW5rX3VybF9wYWdlIiwic2V0dGluZ3MiOnsicG9zdF9pZCI6IjQ5MCIsImVuYWJsZV9odG1sIjoib2ZmIn19@\u00bb button_text=\u00bbP\u00f3ngase en contacto con nosotros\u00bb disabled_on=\u00bbon|on|on\u00bb _builder_version=\u00bb4.24.0&#8243; _dynamic_attributes=\u00bbbutton_url\u00bb _module_preset=\u00bbdefault\u00bb text_orientation=\u00bbcenter\u00bb max_width=\u00bb70%\u00bb module_alignment=\u00bbcenter\u00bb disabled=\u00bbon\u00bb global_colors_info=\u00bb{}\u00bb]<\/p>\n<p>Obtenga m\u00e1s informaci\u00f3n sobre c\u00f3mo nuestro equipo de desarrolladores de plugins de Autodesk en Camilion puede transformar y mejorar sus procesos. Conf\u00ede en nuestra experiencia para ofrecer soluciones innovadoras que satisfagan exactamente sus necesidades.<\/p>\n<p>[\/et_pb_cta][et_pb_cta title=\u00bbConoce a nuestros desarrolladores de plugins\u00bb button_url=\u00bb@ET-DC@eyJkeW5hbWljIjp0cnVlLCJjb250ZW50IjoicG9zdF9saW5rX3VybF9wYWdlIiwic2V0dGluZ3MiOnsicG9zdF9pZCI6IjQ5MCIsImVuYWJsZV9odG1sIjoib2ZmIn19@\u00bb button_text=\u00bbP\u00f3ngase en contacto con nosotros\u00bb _builder_version=\u00bb4.27.4&#8243; _dynamic_attributes=\u00bbbutton_url\u00bb _module_preset=\u00bbdefault\u00bb text_orientation=\u00bbcenter\u00bb max_width=\u00bb70%\u00bb module_alignment=\u00bbcenter\u00bb hover_enabled=\u00bb0&#8243; global_colors_info=\u00bb{}\u00bb sticky_enabled=\u00bb0&#8243;]<\/p>\n<p>Aprende c\u00f3mo nuestro equipo dise\u00f1a y desarrolla plugins personalizados y soluciones digitales para plataformas Autodesk\u00ae y ZWCAD, ayudando a equipos de ingenier\u00eda y arquitectura a optimizar flujos de trabajo, mejorar la eficiencia y entregar mejores proyectos.<\/p>\n<p>[\/et_pb_cta][\/et_pb_column][\/et_pb_row][\/et_pb_section]<\/p>\n","protected":false},"excerpt":{"rendered":"<p>Desarrolladores autorizados de plugins de Autodesk Nosotros, Camilion Consulting &amp; Development, somos una empresa con sede en Barcelona, y ofrecemos servicios de consultor\u00eda en el mundo de la Arquitectura, Ingenier\u00eda y Construcci\u00f3n, a la vez que desarrollamos software para ayudar a ingenieros de todo el mundo a trabajar mejor y m\u00e1s r\u00e1pido, para que se [&hellip;]<\/p>\n","protected":false},"author":1,"featured_media":4296,"parent":0,"menu_order":0,"comment_status":"closed","ping_status":"closed","template":"","meta":{"_acf_changed":false,"_et_pb_use_builder":"on","_et_pb_old_content":"","_et_gb_content_width":"","footnotes":""},"dipi_cpt_category":[],"class_list":["post-3324","page","type-page","status-publish","has-post-thumbnail","hentry"],"acf":[],"_links":{"self":[{"href":"https:\/\/camilion.eu\/es\/wp-json\/wp\/v2\/pages\/3324","targetHints":{"allow":["GET"]}}],"collection":[{"href":"https:\/\/camilion.eu\/es\/wp-json\/wp\/v2\/pages"}],"about":[{"href":"https:\/\/camilion.eu\/es\/wp-json\/wp\/v2\/types\/page"}],"author":[{"embeddable":true,"href":"https:\/\/camilion.eu\/es\/wp-json\/wp\/v2\/users\/1"}],"replies":[{"embeddable":true,"href":"https:\/\/camilion.eu\/es\/wp-json\/wp\/v2\/comments?post=3324"}],"version-history":[{"count":23,"href":"https:\/\/camilion.eu\/es\/wp-json\/wp\/v2\/pages\/3324\/revisions"}],"predecessor-version":[{"id":4696,"href":"https:\/\/camilion.eu\/es\/wp-json\/wp\/v2\/pages\/3324\/revisions\/4696"}],"wp:featuredmedia":[{"embeddable":true,"href":"https:\/\/camilion.eu\/es\/wp-json\/wp\/v2\/media\/4296"}],"wp:attachment":[{"href":"https:\/\/camilion.eu\/es\/wp-json\/wp\/v2\/media?parent=3324"}],"wp:term":[{"taxonomy":"dipi_cpt_category","embeddable":true,"href":"https:\/\/camilion.eu\/es\/wp-json\/wp\/v2\/dipi_cpt_category?post=3324"}],"curies":[{"name":"wp","href":"https:\/\/api.w.org\/{rel}","templated":true}]}}