{"id":3347,"date":"2024-02-14T15:45:18","date_gmt":"2024-02-14T14:45:18","guid":{"rendered":"https:\/\/camilion.eu\/politica-cookies\/"},"modified":"2024-04-17T17:35:55","modified_gmt":"2024-04-17T15:35:55","slug":"politica-cookies","status":"publish","type":"page","link":"https:\/\/camilion.eu\/es\/politica-cookies\/","title":{"rendered":"Pol\u00edtica de cookies"},"content":{"rendered":"<p>[et_pb_section fb_built=\u00bb1&#8243; _builder_version=\u00bb4.16&#8243; global_colors_info=\u00bb{}\u00bb][et_pb_row _builder_version=\u00bb4.16&#8243; background_size=\u00bbinitial\u00bb background_position=\u00bbtop_left\u00bb background_repeat=\u00bbrepeat\u00bb global_colors_info=\u00bb{}\u00bb][et_pb_column type=\u00bb4_4&#8243; _builder_version=\u00bb4.16&#8243; custom_padding=\u00bb|||\u00bb global_colors_info=\u00bb{}\u00bb custom_padding__hover=\u00bb|||\u00bb][et_pb_text _builder_version=\u00bb4.24.0&#8243; background_size=\u00bbinitial\u00bb background_position=\u00bbtop_left\u00bb background_repeat=\u00bbrepeat\u00bb hover_enabled=\u00bb0&#8243; global_colors_info=\u00bb{}\u00bb sticky_enabled=\u00bb0&#8243;]<\/p>\n<h1>Pol\u00edtica de cookies<\/h1>\n<h2>Acerca de esta pol\u00edtica de cookies.<\/h2>\n<p>Este sitio web utiliza cookies propias y de terceros para ofrecerle una mejor experiencia y servicio. Al navegar o utilizar nuestros servicios, el usuario acepta el uso que hacemos de las cookies. No obstante, el usuario tiene la opci\u00f3n de impedir la generaci\u00f3n de cookies y su eliminaci\u00f3n mediante la selecci\u00f3n de la correspondiente. Para m\u00e1s informaci\u00f3n sobre qui\u00e9nes somos, c\u00f3mo puede ponerse en contacto con nosotros y c\u00f3mo tratamos sus datos personales, consulte nuestra <a href=\"\/politica-privacidad\/\">Pol\u00edtica de privacidad.<\/a><br \/>\nSu consentimiento se aplica a los siguientes dominios: <a href=\"https:\/\/camilion.eu\">camilion.eu<\/a> [user_consent_state]<\/p>\n<h2>\u00bfQu\u00e9 son las cookies?<\/h2>\n<p>Las cookies son peque\u00f1os archivos de texto que se utilizan para almacenar peque\u00f1as piezas de informaci\u00f3n. Las cookies se almacenan en su dispositivo cuando el sitio web se carga en su navegador. Estas cookies nos ayudan a que el sitio web funcione correctamente, a que sea m\u00e1s seguro, a proporcionar una mejor experiencia al usuario y a entender c\u00f3mo funciona el sitio web y analizar qu\u00e9 funciona y en qu\u00e9 debemos mejorar.<\/p>\n<h2>\u00bfC\u00f3mo utilizamos las cookies?<\/h2>\n<p>Como la mayor\u00eda de los servicios en l\u00ednea, nuestro sitio web utiliza cookies propias y de terceros para diversos fines. Las cookies de origen son b\u00e1sicamente necesarias para que el sitio web funcione correctamente y no recopilan ninguna informaci\u00f3n que pueda identificarle personalmente. Las cookies de terceros utilizadas en nuestros sitios web se utilizan principalmente para entender c\u00f3mo funciona el sitio web, c\u00f3mo interact\u00faa con nuestro sitio web, mantener nuestros servicios seguros, ofrecer anuncios que sean relevantes para usted. Todo ello sirve para ofrecerle una mejor experiencia de usuario y ayudar a agilizar sus futuras interacciones con nuestro sitio web.<\/p>\n<h2>\u00bfQu\u00e9 tipos de cookies utilizamos?<\/h2>\n<p>Las cookies utilizadas en nuestro sitio web se agrupan en las siguientes categor\u00edas. [cookie_category]<br \/>\nLa siguiente lista detalla las cookies utilizadas en nuestro sitio web. [cookie_audit_category columns=\u00bbcookie,description\u00bb]<\/p>\n<h2>\u00bfC\u00f3mo puedo controlar las preferencias de cookies?<\/h2>\n<p>Puede gestionar sus preferencias de cookies haciendo clic en el bot\u00f3n \u00abConfiguraci\u00f3n\u00bb y activando o desactivando las categor\u00edas de cookies en la ventana emergente seg\u00fan sus preferencias. Si decide cambiar sus preferencias m\u00e1s adelante durante su sesi\u00f3n de navegaci\u00f3n, puede hacer clic en la pesta\u00f1a \u00abGestionar consentimiento\u00bb de su pantalla. Aparecer\u00e1 de nuevo el aviso de consentimiento, que le permitir\u00e1 cambiar sus preferencias o retirar totalmente su consentimiento. Adem\u00e1s, los distintos navegadores ofrecen diferentes m\u00e9todos para bloquear y eliminar las cookies utilizadas por los sitios web. Puede cambiar la configuraci\u00f3n de su navegador para bloquear\/eliminar las cookies.<br \/>\nPara m\u00e1s informaci\u00f3n sobre c\u00f3mo gestionar y eliminar cookies, visite <a href=\"https:\/\/en.wikipedia.org\/wiki\/HTTP_cookie\" target=\"_blank\" rel=\"noopener\">wikipedia.org<\/a>, <a href=\"https:\/\/allaboutcookies.org\/\" target=\"_blank\" rel=\"noopener\">www.allaboutcookies.org<\/a>.[\/et_pb_text][\/et_pb_column][\/et_pb_row][\/et_pb_section]<\/p>\n","protected":false},"excerpt":{"rendered":"<p>Pol\u00edtica de cookies Acerca de esta pol\u00edtica de cookies. Este sitio web utiliza cookies propias y de terceros para ofrecerle una mejor experiencia y servicio. Al navegar o utilizar nuestros servicios, el usuario acepta el uso que hacemos de las cookies. No obstante, el usuario tiene la opci\u00f3n de impedir la generaci\u00f3n de cookies y [&hellip;]<\/p>\n","protected":false},"author":1,"featured_media":0,"parent":0,"menu_order":0,"comment_status":"closed","ping_status":"closed","template":"","meta":{"_acf_changed":false,"_et_pb_use_builder":"on","_et_pb_old_content":"","_et_gb_content_width":"","footnotes":""},"dipi_cpt_category":[],"class_list":["post-3347","page","type-page","status-publish","hentry"],"acf":[],"_links":{"self":[{"href":"https:\/\/camilion.eu\/es\/wp-json\/wp\/v2\/pages\/3347","targetHints":{"allow":["GET"]}}],"collection":[{"href":"https:\/\/camilion.eu\/es\/wp-json\/wp\/v2\/pages"}],"about":[{"href":"https:\/\/camilion.eu\/es\/wp-json\/wp\/v2\/types\/page"}],"author":[{"embeddable":true,"href":"https:\/\/camilion.eu\/es\/wp-json\/wp\/v2\/users\/1"}],"replies":[{"embeddable":true,"href":"https:\/\/camilion.eu\/es\/wp-json\/wp\/v2\/comments?post=3347"}],"version-history":[{"count":2,"href":"https:\/\/camilion.eu\/es\/wp-json\/wp\/v2\/pages\/3347\/revisions"}],"predecessor-version":[{"id":3349,"href":"https:\/\/camilion.eu\/es\/wp-json\/wp\/v2\/pages\/3347\/revisions\/3349"}],"wp:attachment":[{"href":"https:\/\/camilion.eu\/es\/wp-json\/wp\/v2\/media?parent=3347"}],"wp:term":[{"taxonomy":"dipi_cpt_category","embeddable":true,"href":"https:\/\/camilion.eu\/es\/wp-json\/wp\/v2\/dipi_cpt_category?post=3347"}],"curies":[{"name":"wp","href":"https:\/\/api.w.org\/{rel}","templated":true}]}}