{"id":3359,"date":"2024-02-14T12:00:46","date_gmt":"2024-02-14T11:00:46","guid":{"rendered":"https:\/\/camilion.eu\/aviso-legal\/"},"modified":"2025-01-08T10:10:58","modified_gmt":"2025-01-08T09:10:58","slug":"aviso-legal","status":"publish","type":"page","link":"https:\/\/camilion.eu\/es\/aviso-legal\/","title":{"rendered":"Menciones legales"},"content":{"rendered":"<p>[et_pb_section fb_built=\u00bb1&#8243; _builder_version=\u00bb4.23.4&#8243; _module_preset=\u00bb_initial\u00bb background_color=\u00bb#F7F4EF\u00bb global_colors_info=\u00bb{}\u00bb][et_pb_row use_custom_gutter=\u00bbon\u00bb make_equal=\u00bbon\u00bb _builder_version=\u00bb4.23.4&#8243; _module_preset=\u00bb_initial\u00bb custom_css_main_element=\u00bbalign-items:center;\u00bb global_colors_info=\u00bb{}\u00bb][et_pb_column type=\u00bb4_4&#8243; _builder_version=\u00bb4.23.4&#8243; _module_preset=\u00bbdefault\u00bb global_colors_info=\u00bb{}\u00bb][et_pb_text _builder_version=\u00bb4.27.0&#8243; _module_preset=\u00bbdefault\u00bb hover_enabled=\u00bb0&#8243; global_colors_info=\u00bb{}\u00bb sticky_enabled=\u00bb0&#8243;]<\/p>\n<h1>Aviso legal<\/h1>\n<h2>PROPIETARIO DEL SITIO WEB<\/h2>\n<p>En cumplimiento con el deber de informaci\u00f3n establecido en el art\u00edculo 10 de la Ley 34\/2002, de 11 de julio, de Servicios de la Sociedad de la Informaci\u00f3n y de Comercio Electr\u00f3nico, a continuaci\u00f3n se reflejan los siguientes datos:<\/p>\n<p>Propietario del sitio web: <a href=\"https:\/\/camilion.eu\/es\/\">Camilion Consulting and Development, S.L.<\/a><br \/>\nCIF: B67090043<br \/>\nDirecci\u00f3n: <a href=\"https:\/\/maps.app.goo.gl\/mx1My7FatFSX6EKh6\" target=\"_blank\" rel=\"noopener\">C\/ Aprestadora 25, 10\u00e8 3a, <\/a><a href=\"https:\/\/maps.app.goo.gl\/mx1My7FatFSX6EKh6\" target=\"_blank\" rel=\"noopener\">08902 Hospitalet de Llobregat, Barcelona<\/a><br \/>\nTel\u00e9fono: +34 <a href=\"tel:+34931005944\" class=\"visible-xs-block visible-sm-inline-block visible-md-inline-block visible-lg-inline-block\">93 100 59 44<\/a><br \/>\nEmail: <a href=\"mailto:contact@camilion.eu\">contact@camilion.eu<\/a><\/p>\n<footer class=\"container text-center\"><\/footer>\n<h2>PROP\u00d3SITO<\/h2>\n<p>El titular pone a disposici\u00f3n de los usuarios el presente documento con el objetivo de dar cumplimiento a lo establecido en la normativa vigente en materia de protecci\u00f3n de datos, en el marco del nuevo marco normativo establecido al amparo del cual el Reglamento (UE) 2016\/679 del Parlamento Europeo y del Consejo, de 27 de abril de 2016, relativo a la protecci\u00f3n de las personas f\u00edsicas en lo que respecta al tratamiento de datos personales y a la libre circulaci\u00f3n de estos datos (en adelante, el \u00abGDPR\u00bb), y la legislaci\u00f3n nacional Ley Org\u00e1nica de Protecci\u00f3n de Datos y Garant\u00eda de los Derechos Digitales (en adelante, la \u00abLOPDGDD\u00bb), as\u00ed como informar a todos los usuarios del sitio web sobre las condiciones de uso del mismo.<br \/>\nToda persona que acceda a este sitio web asume el papel de usuario, comprometi\u00e9ndose a la observancia y cumplimiento riguroso de las disposiciones aqu\u00ed dispuestas, as\u00ed como a cualquier otra disposici\u00f3n legal que fuera de aplicaci\u00f3n.<br \/>\nEl Titular se reserva el derecho a modificar cualquier tipo de informaci\u00f3n publicada en el sitio web, sin que exista necesidad de preavisar o poner en conocimiento de los usuarios dichas obligaciones, entendi\u00e9ndose como suficiente con la publicaci\u00f3n en el sitio web del Titular.<\/p>\n<h2>RESPONSABILIDAD<\/h2>\n<p>El Titular se exime de cualquier tipo de responsabilidad derivada de la informaci\u00f3n publicada en su sitio web que haya sido manipulada o introducida por un tercero ajeno al mismo..<\/p>\n<h2>IP ADDRESSES<\/h2>\n<p>Los servidores del sitio web detectan autom\u00e1ticamente la direcci\u00f3n IP y el nombre de dominio utilizados por el usuario.<br \/>\nUna direcci\u00f3n IP es un n\u00famero asignado autom\u00e1ticamente a un ordenador cuando se conecta a Internet. Toda esta informaci\u00f3n es registrada en un fichero de actividad del servidor, que permite el posterior procesamiento de los datos con el \u00fanico fin de obtener mediciones puramente estad\u00edsticas que permitan conocer el n\u00famero de impresiones de p\u00e1ginas, el n\u00famero de visitas realizadas a los servidores web, el orden de visitas, el punto de acceso, etc.<\/p>\n<h2>POL\u00cdTICA DE ENLACES<\/h2>\n<p>Este sitio web puede redirigir a contenidos de sitios web de terceros. Dado que el Propietario no puede controlar siempre los contenidos introducidos por los terceros en sus sitios web, \u00e9ste no asume ning\u00fan tipo de responsabilidad respecto a dichos contenidos. En todo caso, el Titular manifiesta que proceder\u00e1 a la retirada inmediata de cualquier contenido que pudiera contravenir la legislaci\u00f3n nacional o internacional, la moral o el orden p\u00fablico, procediendo a la retirada inmediata de la redirecci\u00f3n a dicho sitio web, poniendo en conocimiento de las autoridades competentes el contenido en cuesti\u00f3n.<br \/>\nEl Titular no se hace responsable de la informaci\u00f3n y contenidos almacenados, a t\u00edtulo enunciativo pero no limitativo, en foros, chats, generadores de blogs, comentarios, redes sociales o cualquier otro medio que permita a terceros publicar contenidos de forma independiente en la p\u00e1gina web del Titular. No obstante, y en cumplimiento de lo dispuesto en los art\u00edculos 11 y 16 de la LSSICE, el Titular se pone a disposici\u00f3n de todos los usuarios, autoridades y fuerzas de seguridad, colaborando de forma activa en la retirada o en su caso bloqueo de todos aquellos contenidos que pudieran afectar o contravenir la legislaci\u00f3n nacional, o internacional, derechos de terceros o la moral y el orden p\u00fablico. En caso de que el usuario considere que existe en el sitio web alg\u00fan contenido que pudiera ser susceptible de esta clasificaci\u00f3n, se ruega lo comunique de forma inmediata al administrador del sitio web.<br \/>\nEste sitio web ha sido revisado y probado para que funcione correctamente. En principio, se puede garantizar un funcionamiento correcto los 365 d\u00edas del a\u00f1o, las 24 horas del d\u00eda. No obstante, el Titular no descarta la posibilidad de que existan ciertos errores de programaci\u00f3n, o que acontezcan causas de fuerza mayor, cat\u00e1strofes naturales, huelgas, o circunstancias semejantes que hagan imposible el acceso a la p\u00e1gina web.<\/p>\n<h2>PROTECCI\u00d3N DE DATOS<\/h2>\n<p>El Titular cumple con lo dispuesto en el Reglamento (UE) 2016\/679 del Parlamento Europeo y del Consejo, de 27 de abril de 2016, relativo a la protecci\u00f3n de las personas f\u00edsicas en lo que respecta al tratamiento de datos personales y a la libre circulaci\u00f3n de estos datos (GDPR), y en la legislaci\u00f3n nacional Ley Org\u00e1nica de Protecci\u00f3n de Datos y Garant\u00eda de los Derechos Digitales (LOPDGDD).<br \/>\nAsimismo, el Titular informa que dar\u00e1 cumplimiento a la Ley 34\/2002 de 11 de julio, de Servicios de la Sociedad de la Informaci\u00f3n y el Comercio Electr\u00f3nico y le solicitar\u00e1 su consentimiento al tratamiento de sus datos con fines comerciales en cada momento.<\/p>\n<h2>PROPIEDAD INTELECTUAL E INDUSTRIAL<\/h2>\n<p>El sitio web, incluyendo a t\u00edtulo enunciativo pero no limitativo su programaci\u00f3n, edici\u00f3n, compilaci\u00f3n y dem\u00e1s elementos necesarios para su funcionamiento, los dise\u00f1os, logotipos, texto y\/o gr\u00e1ficos son propiedad del titular o en su caso dispone de licencia o autorizaci\u00f3n expresa por parte de los autores.<br \/>\nTodos los contenidos del sitio web se encuentran debidamente protegidos por la normativa de propiedad intelectual e industrial.<br \/>\nIndependientemente de la finalidad para la que fueran destinados, la reproducci\u00f3n total o parcial, uso, explotaci\u00f3n, distribuci\u00f3n y comercializaci\u00f3n, requiere en todo caso de la autorizaci\u00f3n escrita previa por parte del titular. Cualquier uso no autorizado previamente por parte del titular ser\u00e1 considerado un incumplimiento grave de los derechos de propiedad intelectual o industrial del autor.<br \/>\nLos dise\u00f1os, logotipos, texto y\/o gr\u00e1ficos ajenos al prestador y que pudieran aparecer en el sitio web, pertenecen a sus respectivos propietarios, siendo ellos mismos responsables de cualquier posible controversia que pudiera suscitarse respecto a los mismos. En todo caso, el Titular cuenta con la autorizaci\u00f3n expresa y previa por parte de los mismos.<br \/>\nEl Titular autoriza expresamente a que terceros puedan redirigir directamente a los contenidos concretos del sitio web, y en todo caso redirigir a la p\u00e1gina principal del sitio web del Titular.<br \/>\nEl Titular reconoce a favor de sus titulares los correspondientes derechos de propiedad intelectual e industrial. El hecho de que se mencione o aparezca esta propiedad en el sitio web no implica que el Titular tenga derechos o responsabilidad alguna sobre la misma, ni la avale, patrocine o recomiende.<br \/>\nPara todas aquellas im\u00e1genes en las que el software de dise\u00f1o lo permite, se han incluido las correspondientes referencias a la autor\u00eda y la licencia correspondiente.<br \/>\nPara realizar cualquier tipo de observaci\u00f3n respecto a posibles incumplimientos de los derechos de propiedad intelectual o industrial, as\u00ed como sobre cualquiera de los contenidos del sitio web, puede hacerlo por escrito o indic\u00e1ndolo en el encabezado.<br \/>\nSSL<\/p>\n<p>El propietario ha contratado un certificado SSL (\u00abSecure Sockets Layer\u00bb) para su sitio web.<\/p>\n<p>Un certificado SSL permite proteger toda la informaci\u00f3n personal y confidencial que pueda gestionarse en un sitio web, independientemente de la informaci\u00f3n transmitida, como por ejemplo desde cualquiera de los formularios de contacto del sitio web al servidor, o los datos introducidos para suscribirse a boletines o acceder a \u00e1reas protegidas, etc.<\/p>\n<p>La direcci\u00f3n del sitio web aparecer\u00e1 en verde, activando el protocolo \u00abhttps\u00bb que permite conexiones seguras desde un servidor web al navegador del usuario.[\/et_pb_text][\/et_pb_column][\/et_pb_row][\/et_pb_section]<\/p>\n","protected":false},"excerpt":{"rendered":"<p>Aviso legal PROPIETARIO DEL SITIO WEB En cumplimiento con el deber de informaci\u00f3n establecido en el art\u00edculo 10 de la Ley 34\/2002, de 11 de julio, de Servicios de la Sociedad de la Informaci\u00f3n y de Comercio Electr\u00f3nico, a continuaci\u00f3n se reflejan los siguientes datos: Propietario del sitio web: Camilion Consulting and Development, S.L. CIF: [&hellip;]<\/p>\n","protected":false},"author":1,"featured_media":0,"parent":0,"menu_order":0,"comment_status":"closed","ping_status":"closed","template":"","meta":{"_acf_changed":false,"_et_pb_use_builder":"on","_et_pb_old_content":"","_et_gb_content_width":"","footnotes":""},"dipi_cpt_category":[],"class_list":["post-3359","page","type-page","status-publish","hentry"],"acf":[],"_links":{"self":[{"href":"https:\/\/camilion.eu\/es\/wp-json\/wp\/v2\/pages\/3359","targetHints":{"allow":["GET"]}}],"collection":[{"href":"https:\/\/camilion.eu\/es\/wp-json\/wp\/v2\/pages"}],"about":[{"href":"https:\/\/camilion.eu\/es\/wp-json\/wp\/v2\/types\/page"}],"author":[{"embeddable":true,"href":"https:\/\/camilion.eu\/es\/wp-json\/wp\/v2\/users\/1"}],"replies":[{"embeddable":true,"href":"https:\/\/camilion.eu\/es\/wp-json\/wp\/v2\/comments?post=3359"}],"version-history":[{"count":6,"href":"https:\/\/camilion.eu\/es\/wp-json\/wp\/v2\/pages\/3359\/revisions"}],"predecessor-version":[{"id":3795,"href":"https:\/\/camilion.eu\/es\/wp-json\/wp\/v2\/pages\/3359\/revisions\/3795"}],"wp:attachment":[{"href":"https:\/\/camilion.eu\/es\/wp-json\/wp\/v2\/media?parent=3359"}],"wp:term":[{"taxonomy":"dipi_cpt_category","embeddable":true,"href":"https:\/\/camilion.eu\/es\/wp-json\/wp\/v2\/dipi_cpt_category?post=3359"}],"curies":[{"name":"wp","href":"https:\/\/api.w.org\/{rel}","templated":true}]}}