{"id":3428,"date":"2024-01-05T05:38:54","date_gmt":"2024-01-05T04:38:54","guid":{"rendered":"https:\/\/camilion.eu\/politica-privacidad\/"},"modified":"2025-12-01T08:46:06","modified_gmt":"2025-12-01T07:46:06","slug":"politica-privacidad","status":"publish","type":"page","link":"https:\/\/camilion.eu\/es\/politica-privacidad\/","title":{"rendered":"Pol\u00edtica de privacidad"},"content":{"rendered":"<p>[et_pb_section fb_built=\u00bb1&#8243; _builder_version=\u00bb4.24.0&#8243; global_colors_info=\u00bb{}\u00bb][et_pb_row _builder_version=\u00bb4.16&#8243; background_size=\u00bbinitial\u00bb background_position=\u00bbtop_left\u00bb background_repeat=\u00bbrepeat\u00bb global_colors_info=\u00bb{}\u00bb][et_pb_column type=\u00bb4_4&#8243; _builder_version=\u00bb4.16&#8243; custom_padding=\u00bb|||\u00bb global_colors_info=\u00bb{}\u00bb custom_padding__hover=\u00bb|||\u00bb][et_pb_text _builder_version=\u00bb4.27.4&#8243; background_size=\u00bbinitial\u00bb background_position=\u00bbtop_left\u00bb background_repeat=\u00bbrepeat\u00bb hover_enabled=\u00bb0&#8243; global_colors_info=\u00bb{}\u00bb sticky_enabled=\u00bb0&#8243;]<\/p>\n<h1>Pol\u00edtica de privacidad<\/h1>\n<h2>General<\/h2>\n<p>A continuaci\u00f3n le explicamos detalladamente los datos personales que son tratados y recogidos por <a href=\"https:\/\/camilion.eu\/es\/\">Camilion Consulting and Development, S.L.<\/a><br \/>Para realizar consultas o presentar reclamaciones relacionadas con nuestros servicios o nuestro tratamiento de sus datos personales, puede utilizar cualquier m\u00e9todo de contacto, siendo preferible el correo electr\u00f3nico.<\/p>\n<p>Los m\u00e9todos de contacto, junto con nuestra direcci\u00f3n fiscal, pueden encontrarse en la secci\u00f3n de contacto de la parte inferior de nuestro portal web o en la secci\u00f3n de contacto de nuestras aplicaciones.<\/p>\n<p>Tambi\u00e9n puede, si lo desea, presentar reclamaciones directamente ante la Agencia Espa\u00f1ola de Protecci\u00f3n de Datos (AEPD) o ante su agencia local de protecci\u00f3n de datos.<\/p>\n<p>Sus datos se conservan y procesan en todo momento en la Uni\u00f3n Europea o en Estados considerados seguros por la Comisi\u00f3n Europea.<\/p>\n<h2>Aplicaciones<\/h2>\n<p>Por razones de seguridad, <a href=\"https:\/\/camilion.eu\/es\/\">Camilion Consulting and Development, S.L.<\/a> no tendr\u00e1 acceso en ning\u00fan momento a los datos financieros que usted facilite a la plataforma de pago.<br \/>Si no est\u00e1 de acuerdo con las condiciones de la plataforma de pago, p\u00f3ngase en contacto con nosotros para encontrar una forma alternativa.<\/p>\n<p>Solo conservamos en texto plano los datos necesarios para llevar a cabo la facturaci\u00f3n del servicio prestado, que retenemos por motivos legales, siempre que sean pertinentes.<\/p>\n<p>Su direcci\u00f3n IP se utilizar\u00e1 en el proceso de verificaci\u00f3n de la licencia, y si no es suficiente, y si usted lo autoriza: su direcci\u00f3n de correo electr\u00f3nico. Esta autorizaci\u00f3n ser\u00e1 v\u00e1lida durante un a\u00f1o y podr\u00e1 revocarse manualmente en cualquier momento.<\/p>\n<p>Insistimos en que estos datos no se almacenan en modo alguno en nuestra base de datos, y solo tenemos constancia de la fecha, el tipo de acceso y la empresa asociada.<\/p>\n<p>Puedes consultar los datos que almacenamos localmente desde cada aplicaci\u00f3n.<\/p>\n<h2>P\u00e1gina web<\/h2>\n<p>Tambi\u00e9n utilizamos nuestras propias cookies, que puede gestionar haciendo clic en el bot\u00f3n de la esquina inferior derecha de su pantalla <em>\u00abGestionar consentimiento\u00bb<\/em>.<\/p>\n<p>Nuestros sitios web respetan la configuraci\u00f3n <a href=\"https:\/\/en.wikipedia.org\/wiki\/Do_Not_Track\" target=\"_blank\" rel=\"noopener\">Do Not Track (DNT)<\/a> de los navegadores.<\/p>\n<p>Debe ser posible identificarle en el portal de solicitudes, por lo que se aplica lo mismo que en la secci\u00f3n Solicitudes.<\/p>\n<h2>Listas de correo<\/h2>\n<p>Si nos da su consentimiento para ello, en <a href=\"https:\/\/camilion.eu\/es\/\">Camilion Consulting and Development, S.L.<\/a> trataremos su nombre y direcci\u00f3n de correo electr\u00f3nico con el fin de enviarle comunicaciones digitales de nuestro equipo de marketing y ventas, para presentarle nuestros servicios y productos e informarle de noticias relacionadas.<br \/>Este consentimiento es revocable en cualquier momento a trav\u00e9s del enlace correspondiente en cada mensaje, o puede utilizar cualquier m\u00e9todo de contacto, siendo preferible el correo electr\u00f3nico.<\/p>\n<h2>Curr\u00edculums<\/h2>\n<p>Solo recogemos la informaci\u00f3n que usted nos proporciona expl\u00edcitamente, con el \u00fanico prop\u00f3sito de ofrecerle un puesto de trabajo en <a href=\"https:\/\/camilion.eu\/es\/\">Camilion Consulting and Development, S.L.<\/a> o en  <a href=\"https:\/\/autoplot.es\/\" target=\"_blank\" rel=\"noopener\">Autoplot, S.L.<\/a><br \/>No nos pondremos en contacto con usted de forma peri\u00f3dica o innecesaria.<\/p>\n<p>Si, transcurridos 5 a\u00f1os, tu curr\u00edculum no ha sido utilizado en ning\u00fan proceso de selecci\u00f3n, ser\u00e1 eliminado, y te enviaremos un correo electr\u00f3nico informativo para que, si lo deseas, vuelvas a enviarnos tu curr\u00edculum actualizado.<\/p>\n<p>Puede acceder a sus datos en cualquier momento o actualizarlos enviando un correo electr\u00f3nico con la solicitud correspondiente.<\/p>\n<p>Si cambia de opini\u00f3n en cualquier momento y no desea formar parte de nuestros procesos de selecci\u00f3n, puede informarnos en cualquier momento cuando nos pongamos en contacto con usted o por correo electr\u00f3nico. En este caso, sus datos ser\u00e1n eliminados.<\/p>\n<p>Hacemos todo lo posible, desde un punto de vista t\u00e9cnico, para garantizar que sus datos no caigan en manos de terceros. S\u00f3lo los responsables de recursos humanos de <a href=\"https:\/\/camilion.eu\/es\/\">Camilion Consulting and Development, S.L.<\/a> y <a href=\"https:\/\/autoplot.es\/\" target=\"_blank\" rel=\"noopener\">Autoplot, S.L.<\/a> tendr\u00e1n acceso a su informaci\u00f3n.<\/p>\n<p>[\/et_pb_text][\/et_pb_column][\/et_pb_row][\/et_pb_section]<\/p>\n","protected":false},"excerpt":{"rendered":"<p>Pol\u00edtica de privacidad General A continuaci\u00f3n le explicamos detalladamente los datos personales que son tratados y recogidos por Camilion Consulting and Development, S.L.Para realizar consultas o presentar reclamaciones relacionadas con nuestros servicios o nuestro tratamiento de sus datos personales, puede utilizar cualquier m\u00e9todo de contacto, siendo preferible el correo electr\u00f3nico. Los m\u00e9todos de contacto, junto [&hellip;]<\/p>\n","protected":false},"author":1,"featured_media":0,"parent":0,"menu_order":0,"comment_status":"closed","ping_status":"open","template":"","meta":{"_acf_changed":false,"_et_pb_use_builder":"on","_et_pb_old_content":"","_et_gb_content_width":"","footnotes":""},"dipi_cpt_category":[],"class_list":["post-3428","page","type-page","status-publish","hentry"],"acf":[],"_links":{"self":[{"href":"https:\/\/camilion.eu\/es\/wp-json\/wp\/v2\/pages\/3428","targetHints":{"allow":["GET"]}}],"collection":[{"href":"https:\/\/camilion.eu\/es\/wp-json\/wp\/v2\/pages"}],"about":[{"href":"https:\/\/camilion.eu\/es\/wp-json\/wp\/v2\/types\/page"}],"author":[{"embeddable":true,"href":"https:\/\/camilion.eu\/es\/wp-json\/wp\/v2\/users\/1"}],"replies":[{"embeddable":true,"href":"https:\/\/camilion.eu\/es\/wp-json\/wp\/v2\/comments?post=3428"}],"version-history":[{"count":4,"href":"https:\/\/camilion.eu\/es\/wp-json\/wp\/v2\/pages\/3428\/revisions"}],"predecessor-version":[{"id":4614,"href":"https:\/\/camilion.eu\/es\/wp-json\/wp\/v2\/pages\/3428\/revisions\/4614"}],"wp:attachment":[{"href":"https:\/\/camilion.eu\/es\/wp-json\/wp\/v2\/media?parent=3428"}],"wp:term":[{"taxonomy":"dipi_cpt_category","embeddable":true,"href":"https:\/\/camilion.eu\/es\/wp-json\/wp\/v2\/dipi_cpt_category?post=3428"}],"curies":[{"name":"wp","href":"https:\/\/api.w.org\/{rel}","templated":true}]}}