{"id":3814,"date":"2025-01-08T10:15:11","date_gmt":"2025-01-08T09:15:11","guid":{"rendered":"https:\/\/camilion.eu\/politica-cancelacion\/"},"modified":"2025-01-08T10:34:05","modified_gmt":"2025-01-08T09:34:05","slug":"politica-cancelacion","status":"publish","type":"page","link":"https:\/\/camilion.eu\/es\/politica-cancelacion\/","title":{"rendered":"Pol\u00edtica de Cancelaci\u00f3n"},"content":{"rendered":"<p>[et_pb_section fb_built=\u00bb1&#8243; _builder_version=\u00bb4.27.0&#8243; _module_preset=\u00bbdefault\u00bb hover_enabled=\u00bb0&#8243; global_colors_info=\u00bb{}\u00bb sticky_enabled=\u00bb0&#8243; background_color=\u00bb#f7f4ef\u00bb][et_pb_row _builder_version=\u00bb4.27.0&#8243; _module_preset=\u00bbdefault\u00bb global_colors_info=\u00bb{}\u00bb][et_pb_column type=\u00bb4_4&#8243; _builder_version=\u00bb4.27.0&#8243; _module_preset=\u00bbdefault\u00bb global_colors_info=\u00bb{}\u00bb][et_pb_text _builder_version=\u00bb4.27.0&#8243; _module_preset=\u00bbdefault\u00bb global_colors_info=\u00bb{}\u00bb]<\/p>\n<h1>Pol\u00edtica de Cancelaci\u00f3n<\/h1>\n<h2>1. Cancelaci\u00f3n antes de la descarga del producto:<\/h2>\n<p>Los clientes pueden solicitar la cancelaci\u00f3n de un pedido antes de descargar el plugin adquirido. Para ello, deben enviar un correo electr\u00f3nico a <a href=\"mailto:contact@camilion.eu\">contact@camilion.eu<\/a> especificando el n\u00famero de pedido y el motivo de la cancelaci\u00f3n. Revisaremos la solicitud y, si cumple con los requisitos necesarios, procederemos a la cancelaci\u00f3n y al reembolso del importe pagado.<\/p>\n<h2>2. Cancelaci\u00f3n despu\u00e9s de la descarga del producto:<\/h2>\n<p>Una vez descargado el plugin, no se permiten cancelaciones, ya que el servicio se considera completado en el momento de la descarga, conforme al art\u00edculo 103 del Real Decreto Legislativo 1\/2007.[\/et_pb_text][\/et_pb_column][\/et_pb_row][\/et_pb_section]<\/p>\n","protected":false},"excerpt":{"rendered":"<p>Pol\u00edtica de Cancelaci\u00f3n 1. Cancelaci\u00f3n antes de la descarga del producto: Los clientes pueden solicitar la cancelaci\u00f3n de un pedido antes de descargar el plugin adquirido. Para ello, deben enviar un correo electr\u00f3nico a contact@camilion.eu especificando el n\u00famero de pedido y el motivo de la cancelaci\u00f3n. Revisaremos la solicitud y, si cumple con los requisitos [&hellip;]<\/p>\n","protected":false},"author":1,"featured_media":0,"parent":0,"menu_order":0,"comment_status":"closed","ping_status":"closed","template":"","meta":{"_acf_changed":false,"_et_pb_use_builder":"on","_et_pb_old_content":"","_et_gb_content_width":"","footnotes":""},"dipi_cpt_category":[],"class_list":["post-3814","page","type-page","status-publish","hentry"],"acf":[],"_links":{"self":[{"href":"https:\/\/camilion.eu\/es\/wp-json\/wp\/v2\/pages\/3814","targetHints":{"allow":["GET"]}}],"collection":[{"href":"https:\/\/camilion.eu\/es\/wp-json\/wp\/v2\/pages"}],"about":[{"href":"https:\/\/camilion.eu\/es\/wp-json\/wp\/v2\/types\/page"}],"author":[{"embeddable":true,"href":"https:\/\/camilion.eu\/es\/wp-json\/wp\/v2\/users\/1"}],"replies":[{"embeddable":true,"href":"https:\/\/camilion.eu\/es\/wp-json\/wp\/v2\/comments?post=3814"}],"version-history":[{"count":2,"href":"https:\/\/camilion.eu\/es\/wp-json\/wp\/v2\/pages\/3814\/revisions"}],"predecessor-version":[{"id":3816,"href":"https:\/\/camilion.eu\/es\/wp-json\/wp\/v2\/pages\/3814\/revisions\/3816"}],"wp:attachment":[{"href":"https:\/\/camilion.eu\/es\/wp-json\/wp\/v2\/media?parent=3814"}],"wp:term":[{"taxonomy":"dipi_cpt_category","embeddable":true,"href":"https:\/\/camilion.eu\/es\/wp-json\/wp\/v2\/dipi_cpt_category?post=3814"}],"curies":[{"name":"wp","href":"https:\/\/api.w.org\/{rel}","templated":true}]}}